{"id":1134,"date":"2015-10-25T09:11:50","date_gmt":"2015-10-25T08:11:50","guid":{"rendered":"http:\/\/www.marsaly.fr\/fred\/?page_id=1134"},"modified":"2021-05-16T15:34:34","modified_gmt":"2021-05-16T13:34:34","slug":"important","status":"publish","type":"page","link":"http:\/\/www.marsaly.fr\/fred\/important\/","title":{"rendered":"Contact"},"content":{"rendered":"<p>09-27 est un blog personnel.<\/p>\n<p>Les textes et photos publi\u00e9s sur 09-27 sont prot\u00e9g\u00e9s par le droit d&rsquo;auteur.<\/p>\n<p>Leur utilisation sans autorisation des ayants droits est formellement interdite.<\/p>\n<p>Contact :<\/p>\n<p><a href=\"http:\/\/www.marsaly.fr\/fred\/wp-content\/uploads\/2015\/05\/Adresse-Yahoo.jpg\"><img decoding=\"async\" loading=\"lazy\" class=\"alignnone size-full wp-image-777\" src=\"http:\/\/www.marsaly.fr\/fred\/wp-content\/uploads\/2015\/05\/Adresse-Yahoo.jpg\" alt=\"Adresse Yahoo\" width=\"199\" height=\"91\" \/><\/a><\/p>\n<p>Retrouvez-nous sur <a href=\"https:\/\/www.facebook.com\/pages\/09-27-nouvelles-des-bords-de-pistes\/166218497049411\">Facebook<\/a>, <a href=\"https:\/\/twitter.com\/eulfred\">sur Twitter<\/a> ou <a href=\"https:\/\/www.linkedin.com\/in\/fr%C3%A9d%C3%A9ric-marsaly-90a4a21a3\/detail\/recent-activity\/shares\/\">LinkedIn<\/a> et au bord des pistes !<\/p>\n","protected":false},"excerpt":{"rendered":"<p>09-27 est un blog personnel. Les textes et photos publi\u00e9s sur 09-27 sont prot\u00e9g\u00e9s par le droit d&rsquo;auteur. Leur utilisation sans autorisation des ayants droits est formellement interdite. Contact : Retrouvez-nous sur Facebook, sur Twitter ou LinkedIn et au bord &hellip; <a href=\"http:\/\/www.marsaly.fr\/fred\/important\/\">Continuer la lecture <span class=\"meta-nav\">&rarr;<\/span><\/a><\/p>\n","protected":false},"author":2,"featured_media":0,"parent":0,"menu_order":0,"comment_status":"closed","ping_status":"closed","template":"","meta":[],"_links":{"self":[{"href":"http:\/\/www.marsaly.fr\/fred\/wp-json\/wp\/v2\/pages\/1134"}],"collection":[{"href":"http:\/\/www.marsaly.fr\/fred\/wp-json\/wp\/v2\/pages"}],"about":[{"href":"http:\/\/www.marsaly.fr\/fred\/wp-json\/wp\/v2\/types\/page"}],"author":[{"embeddable":true,"href":"http:\/\/www.marsaly.fr\/fred\/wp-json\/wp\/v2\/users\/2"}],"replies":[{"embeddable":true,"href":"http:\/\/www.marsaly.fr\/fred\/wp-json\/wp\/v2\/comments?post=1134"}],"version-history":[{"count":8,"href":"http:\/\/www.marsaly.fr\/fred\/wp-json\/wp\/v2\/pages\/1134\/revisions"}],"predecessor-version":[{"id":7653,"href":"http:\/\/www.marsaly.fr\/fred\/wp-json\/wp\/v2\/pages\/1134\/revisions\/7653"}],"wp:attachment":[{"href":"http:\/\/www.marsaly.fr\/fred\/wp-json\/wp\/v2\/media?parent=1134"}],"curies":[{"name":"wp","href":"https:\/\/api.w.org\/{rel}","templated":true}]}}